{"id":181,"date":"2022-02-20T13:26:27","date_gmt":"2022-02-20T12:26:27","guid":{"rendered":"http:\/\/rostry.com.pl\/?page_id=181"},"modified":"2022-02-21T20:47:03","modified_gmt":"2022-02-21T19:47:03","slug":"uslugi-it","status":"publish","type":"page","link":"https:\/\/rostry.com.pl\/index.php\/uslugi-it\/","title":{"rendered":"Us\u0142ugi IT"},"content":{"rendered":"\n<p>Od 30 lat opracowujemy strony www w oparciu o WP i motywy, a tak\u017ce wykonujemy us\u0142ugi IT. Je\u017celi masz problem z komputerem, chcesz go zmodyfikowa\u0107, zainstalowa\u0107 aplikacje &#8230;<\/p>\n\n\n\n<p>Serdecznie zapraszamy<\/p>\n\n\n\n<figure class=\"wp-block-image size-large\"><img loading=\"lazy\" decoding=\"async\" width=\"1024\" height=\"563\" src=\"http:\/\/rostry.com.pl\/wp-content\/uploads\/2022\/02\/service-g6637c2a0c_1920-e1645360182583-1024x563.jpg\" alt=\"\" class=\"wp-image-182\" srcset=\"https:\/\/rostry.com.pl\/wp-content\/uploads\/2022\/02\/service-g6637c2a0c_1920-e1645360182583-1024x563.jpg 1024w, https:\/\/rostry.com.pl\/wp-content\/uploads\/2022\/02\/service-g6637c2a0c_1920-e1645360182583-300x165.jpg 300w, https:\/\/rostry.com.pl\/wp-content\/uploads\/2022\/02\/service-g6637c2a0c_1920-e1645360182583-768x422.jpg 768w, https:\/\/rostry.com.pl\/wp-content\/uploads\/2022\/02\/service-g6637c2a0c_1920-e1645360182583-1536x845.jpg 1536w, https:\/\/rostry.com.pl\/wp-content\/uploads\/2022\/02\/service-g6637c2a0c_1920-e1645360182583.jpg 1920w\" sizes=\"auto, (max-width: 1024px) 100vw, 1024px\" \/><\/figure>\n","protected":false},"excerpt":{"rendered":"<p>Od 30 lat opracowujemy strony www w oparciu o WP i motywy, a tak\u017ce wykonujemy us\u0142ugi IT. Je\u017celi masz problem z komputerem, chcesz go zmodyfikowa\u0107, zainstalowa\u0107 aplikacje &#8230; Serdecznie zapraszamy<\/p>\n","protected":false},"author":1,"featured_media":0,"parent":0,"menu_order":0,"comment_status":"closed","ping_status":"closed","template":"","meta":{"footnotes":""},"class_list":["post-181","page","type-page","status-publish","hentry"],"_links":{"self":[{"href":"https:\/\/rostry.com.pl\/index.php\/wp-json\/wp\/v2\/pages\/181","targetHints":{"allow":["GET"]}}],"collection":[{"href":"https:\/\/rostry.com.pl\/index.php\/wp-json\/wp\/v2\/pages"}],"about":[{"href":"https:\/\/rostry.com.pl\/index.php\/wp-json\/wp\/v2\/types\/page"}],"author":[{"embeddable":true,"href":"https:\/\/rostry.com.pl\/index.php\/wp-json\/wp\/v2\/users\/1"}],"replies":[{"embeddable":true,"href":"https:\/\/rostry.com.pl\/index.php\/wp-json\/wp\/v2\/comments?post=181"}],"version-history":[{"count":3,"href":"https:\/\/rostry.com.pl\/index.php\/wp-json\/wp\/v2\/pages\/181\/revisions"}],"predecessor-version":[{"id":205,"href":"https:\/\/rostry.com.pl\/index.php\/wp-json\/wp\/v2\/pages\/181\/revisions\/205"}],"wp:attachment":[{"href":"https:\/\/rostry.com.pl\/index.php\/wp-json\/wp\/v2\/media?parent=181"}],"curies":[{"name":"wp","href":"https:\/\/api.w.org\/{rel}","templated":true}]}}